{"id":19080,"date":"2020-03-02T23:33:27","date_gmt":"2020-03-02T16:33:27","guid":{"rendered":"http:\/\/localhost\/GVP\/formularz-zapytania\/"},"modified":"2024-04-08T14:22:48","modified_gmt":"2024-04-08T07:22:48","slug":"formularz-zapytania","status":"publish","type":"page","link":"https:\/\/goodvalueproperty.com\/pl\/formularz-zapytania\/","title":{"rendered":"Formularz zapytania"},"content":{"rendered":"\t\t<div data-elementor-type=\"wp-page\" data-elementor-id=\"19080\" class=\"elementor elementor-19080 elementor-17149\">\n\t\t\t\t\t\t<section class=\"elementor-section elementor-top-section elementor-element elementor-element-5ec2734 elementor-section-boxed elementor-section-height-default elementor-section-height-default\" data-id=\"5ec2734\" data-element_type=\"section\" data-settings=\"{&quot;background_background&quot;:&quot;classic&quot;}\">\n\t\t\t\t\t\t\t<div class=\"elementor-background-overlay\"><\/div>\n\t\t\t\t\t\t\t<div class=\"elementor-container elementor-column-gap-default\">\n\t\t\t\t\t<div class=\"elementor-column elementor-col-100 elementor-top-column elementor-element elementor-element-e1bd41f\" data-id=\"e1bd41f\" data-element_type=\"column\">\n\t\t\t<div class=\"elementor-widget-wrap elementor-element-populated\">\n\t\t\t\t\t\t<div class=\"elementor-element elementor-element-49cbafe elementor-widget elementor-widget-houzez_elementor_space\" data-id=\"49cbafe\" data-element_type=\"widget\" data-widget_type=\"houzez_elementor_space.default\">\n\t\t\t\t<div class=\"elementor-widget-container\">\n\t\t\t        <div class=\"houzez-spacer\">\n            <div class=\"houzez-spacer-inner\"><\/div>\n        <\/div>\n        \t\t<\/div>\n\t\t\t\t<\/div>\n\t\t\t\t<section class=\"elementor-section elementor-inner-section elementor-element elementor-element-6efd58c animated-slow elementor-section-boxed elementor-section-height-default elementor-section-height-default elementor-invisible\" data-id=\"6efd58c\" data-element_type=\"section\" data-settings=\"{&quot;background_background&quot;:&quot;classic&quot;,&quot;animation&quot;:&quot;fadeIn&quot;}\">\n\t\t\t\t\t\t<div class=\"elementor-container elementor-column-gap-no\">\n\t\t\t\t\t<div class=\"elementor-column elementor-col-100 elementor-inner-column elementor-element elementor-element-856004d\" data-id=\"856004d\" data-element_type=\"column\">\n\t\t\t<div class=\"elementor-widget-wrap elementor-element-populated\">\n\t\t\t\t\t\t<div class=\"elementor-element elementor-element-8ff1404 elementor-widget elementor-widget-text-editor\" data-id=\"8ff1404\" data-element_type=\"widget\" data-widget_type=\"text-editor.default\">\n\t\t\t\t<div class=\"elementor-widget-container\">\n\t\t\t\t\t\t\t<h3>Formularz zapytania<\/h3>\n<p>Daj nam zna\u0107 o swoich potrzebach!  <\/p>\n<p>Kr\u00f3tko odpowiedz na te pytania, aby po\u0142\u0105czy\u0107 si\u0119 z wykwalifikowanym agentem, kt\u00f3ry mo\u017ce pom\u00f3c w zakupie, sprzeda\u017cy, wynajmie lub ocenie nieruchomo\u015bci.<\/p>\n\t\t\t\t\t\t<\/div>\n\t\t\t\t<\/div>\n\t\t\t\t<div class=\"elementor-element elementor-element-42f882c elementor-button-align-stretch elementor-widget elementor-widget-houzez_elementor_inquiry_form\" data-id=\"42f882c\" data-element_type=\"widget\" data-widget_type=\"houzez_elementor_inquiry_form.default\">\n\t\t\t\t<div class=\"elementor-widget-container\">\n\t\t\t\n        <script type=\"application\/javascript\">\n            jQuery(document).bind(\"ready\", function () {\n                houzezValidateElementor(\"#houzez-form-42f882c\" );\n            });\n        <\/script>\n\n\n        <form class=\"elementor-form\" id=\"houzez-form-42f882c\" method=\"post\" name=\"Formularz zapytania\" action=\"https:\/\/goodvalueproperty.com\/wp-admin\/admin-ajax.php\">\n            <input type=\"hidden\" name=\"form_id\" value=\"42f882c\"\/>\n            <input type=\"hidden\" name=\"action\" value=\"houzez_ele_inquiry_form\" \/>\n            <input type=\"hidden\" name=\"source_link\" value=\"https:\/\/goodvalueproperty.com\/pl\/formularz-zapytania\/\" \/>\n            <input type=\"hidden\" name=\"lead_page_id\" value=\"19080\" \/>\n            <input type=\"hidden\" name=\"is_estimation\" value=\"yes\" \/>\n            <input type=\"hidden\" name=\"email_to\" value=\"office@GoodValueProperty.com\" \/>\n            <input type=\"hidden\" name=\"email_subject\" value=\"New message from Inquiry Form\" \/>\n            <input type=\"hidden\" name=\"email_to_cc\" value=\"\" \/>\n            <input type=\"hidden\" name=\"email_to_bcc\" value=\"\" \/>\n            <input type=\"hidden\" name=\"webhook\" value=\"false\" \/>\n            <input type=\"hidden\" name=\"webhook_url\" value=\"\" \/>\n            <input type=\"hidden\" name=\"redirect_to\" value=\"\" \/>\n            <input type=\"hidden\" name=\"google_recaptcha\" value=\"yes\" \/>\n\n            <div class=\"elementor-form-fields-wrapper elementor-labels-above\">\n\n                                    <div class=\"elementor-field-group elementor-column form-group elementor-field-group-ba6c34c elementor-col-100 elementor-field-required\">\n                    <label for=\"form-field-ba6c34c\" class=\"elementor-field-label\">Typ transakcji<\/label>        <div class=\"elementor-field elementor-select-wrapper\">\n            <select name=\"enquiry_type\" id=\"form-field-ba6c34c\" class=\"elementor-field-textual form-control elementor-size-md\" required=\"required\" title=\"* Typ transakcji\">\n                <option value=\"\">Wybierz<\/option><option value=\"Purchase\">Purchase<\/value><option value=\"Rent\"> Rent<\/value><option value=\"Sell\"> Sell<\/value><option value=\"Legal Paper Work\"> Legal Paper Work<\/value><option value=\"Others\"> Others<\/value>            <\/select>\n        <\/div>\n                            <\/div>\n\n                                        <div class=\"elementor-field-group elementor-column form-group elementor-field-group-b7fe77d elementor-col-100\">\n                    <label for=\"form-field-b7fe77d\" class=\"elementor-field-label\">Informacje<\/label>        <div class=\"elementor-field elementor-select-wrapper\">\n            <select name=\"user_type\" id=\"form-field-b7fe77d\" class=\"elementor-field-textual form-control elementor-size-md\">\n                <option value=\"\">Jestem  <\/option><option value=\"Chc\u0119 kupi\u0107 nieruchomo\u015b\u0107\">Chc\u0119 kupi\u0107 nieruchomo\u015b\u0107<\/option><option value=\"Jestem w\u0142a\u015bcicielem nieruchomo\u015bci\">Jestem w\u0142a\u015bcicielem nieruchomo\u015bci<\/option><option value=\"Jestem agentem\">Jestem agentem<\/option><option value=\"Inne\">Inne<\/option>            <\/select>\n        <\/div>\n                            <\/div>\n\n                                        <div class=\"elementor-field-group elementor-column form-group elementor-field-group-cc6b92f elementor-col-50 elementor-field-required\">\n                    <input type=\"text\" name=\"first_name\" id=\"form-field-cc6b92f\" class=\"elementor-field form-control elementor-size-md elementor-field-textual\" placeholder=\"Imi\u0119\" title=\"* Imi\u0119\" required=\"required\">                    <\/div>\n\n                                        <div class=\"elementor-field-group elementor-column form-group elementor-field-group-3cc124e elementor-col-50 elementor-field-required\">\n                    <input type=\"text\" name=\"last_name\" id=\"form-field-3cc124e\" class=\"elementor-field form-control elementor-size-md elementor-field-textual\" placeholder=\"Nazwisko\" title=\"* Nazwisko\" required=\"required\">                    <\/div>\n\n                                        <div class=\"elementor-field-group elementor-column form-group elementor-field-group-932d82c elementor-col-50 elementor-field-required\">\n                    <input type=\"email\" name=\"email\" id=\"form-field-932d82c\" class=\"elementor-field form-control elementor-size-md elementor-field-textual\" placeholder=\"Adres e-mail\" title=\"* Adres e-mail\" required=\"required\">                    <\/div>\n\n                                        <div class=\"elementor-field-group elementor-column form-group elementor-field-group-304b68f elementor-col-50\">\n                    <input type=\"text\" name=\"mobile\" id=\"form-field-304b68f\" class=\"elementor-field form-control elementor-size-md elementor-field-textual\" placeholder=\"tel. kom.\" title=\"* tel. kom.\">                    <\/div>\n\n                                        <div class=\"elementor-field-group elementor-column form-group elementor-field-group-bf1d035 elementor-col-33\">\n                    <label for=\"form-field-bf1d035\" class=\"elementor-field-label\">Lokalizacja<\/label>        <div class=\"elementor-field elementor-select-wrapper\">\n            <select name=\"e_meta[city]\" id=\"form-field-bf1d035\" class=\"elementor-field-textual form-control elementor-size-md\">\n                <option value=\"\">Wybierz miasto<\/option><option data-ref=\"phnom-penh-pl\" data-belong=\"\" value=\"phnom-penh-pl\"> 1) Phnom Penh<\/option><option data-ref=\"2-siem-reap-pl\" data-belong=\"\" value=\"2-siem-reap-pl\"> 2) Siem Reap<\/option><option data-ref=\"3-kampot-kep-pl\" data-belong=\"\" value=\"3-kampot-kep-pl\"> 3) Kampot \/ Kep<\/option><option data-ref=\"sihanoukville-pl\" data-belong=\"\" value=\"sihanoukville-pl\"> 4) Sihanoukville<\/option><option data-ref=\"5-koh-rong-islands-pl\" data-belong=\"\" value=\"5-koh-rong-islands-pl\"> 5) Koh Rong Islands<\/option><option data-ref=\"6-others-pl\" data-belong=\"\" value=\"6-others-pl\"> 6) Others<\/option>            <\/select>\n        <\/div>\n                            <\/div>\n\n                                        <div class=\"elementor-field-group elementor-column form-group elementor-field-group-3180222 elementor-col-100 elementor-field-required\">\n                    <label for=\"form-field-3180222\" class=\"elementor-field-label\">Nieruchomo\u015b\u0107<\/label>        <div class=\"elementor-field elementor-select-wrapper\">\n            <select name=\"e_meta[property_type]\" id=\"form-field-3180222\" class=\"elementor-field-textual form-control elementor-size-md\" required=\"required\" title=\"* Nieruchomo\u015b\u0107\">\n                <option value=\"\">Wybierz typ<\/option><option value=\"amieszkaniepartment-condo-pl\"> 1) mieszkanie \/ apartament<\/option><option value=\"house-villa-pl\"> 2) dom \/ willa<\/option><option value=\"3-shop-house-pl\"> 3) Shop House<\/option><option value=\"4-ziemia-dzialki\"> 4) Ziemia \/ Dzia\u0142ki<\/option><option value=\"5-office-pl\"> 5) Biura<\/option><option value=\"6-commercial-pl\"> 6) Komercyjne<\/option>            <\/select>\n        <\/div>\n                            <\/div>\n\n                                        <div class=\"elementor-field-group elementor-column form-group elementor-field-group-c549d17 elementor-col-50\">\n                    <input type=\"number\" name=\"e_meta[price]\" id=\"form-field-c549d17\" class=\"elementor-field form-control elementor-size-md elementor-field-textual\" placeholder=\"Cena maksymalna\" title=\"* Cena maksymalna\" min=\"0\">                    <\/div>\n\n                                        <div class=\"elementor-field-group elementor-column form-group elementor-field-group-e08cbcb elementor-col-50\">\n                    <input type=\"number\" name=\"e_meta[area-size]\" id=\"form-field-e08cbcb\" class=\"elementor-field form-control elementor-size-md elementor-field-textual\" placeholder=\"Minimalny rozmiar (m2)\" title=\"* Minimalny rozmiar (m2)\" min=\"0\">                    <\/div>\n\n                                        <div class=\"elementor-field-group elementor-column form-group elementor-field-group-66cc0de elementor-col-50\">\n                    <input type=\"number\" name=\"e_meta[beds]\" id=\"form-field-66cc0de\" class=\"elementor-field form-control elementor-size-md elementor-field-textual\" placeholder=\"Liczba \u0142\u00f3\u017cek\" title=\"* Liczba \u0142\u00f3\u017cek\" min=\"0\">                    <\/div>\n\n                                        <div class=\"elementor-field-group elementor-column form-group elementor-field-group-dea086f elementor-col-50\">\n                    <input type=\"number\" name=\"e_meta[baths]\" id=\"form-field-dea086f\" class=\"elementor-field form-control elementor-size-md elementor-field-textual\" placeholder=\"Liczba sypialnii\" title=\"* Liczba sypialnii\" min=\"0\">                    <\/div>\n\n                                        <div class=\"elementor-field-group elementor-column form-group elementor-field-group-95c61a9 elementor-col-100\">\n                    <label for=\"form-field-95c61a9\" class=\"elementor-field-label\">Wiadomo\u015b\u0107<\/label><textarea class=\"elementor-field-textual elementor-field elementor-size-md\" name=\"message\" id=\"form-field-95c61a9\" rows=\"4\"><\/textarea>                    <\/div>\n\n                    \n                    \n                                        <div class=\"\">\n                        <div class=\"form-group captcha_wrapper houzez-grecaptcha-v3\">\n    <div class=\"houzez_google_reCaptcha\"><\/div>\n<\/div>\n                    <\/div>\n                    \n                    <div class=\"elementor-field-group elementor-column elementor-field-type-submit elementor-col-100\">\n                    <button type=\"submit\" class=\"houzez-submit-button houzez-contact-form-js elementor-button elementor-size-md\">\n                        <i class=\"btn-loader houzez-loader-js\"><\/i>\n                                                    Wy\u015blij                                            <\/button>\n                <\/div>\n            <\/div><!-- End wrapper-->\n            <br\/>\n            <div class=\"ele-form-messages\"><\/div>\n            <div class=\"error-container\"><\/div>\n\n        <\/form>\n\n    \t\t<\/div>\n\t\t\t\t<\/div>\n\t\t\t\t\t<\/div>\n\t\t<\/div>\n\t\t\t\t\t<\/div>\n\t\t<\/section>\n\t\t\t\t<div class=\"elementor-element elementor-element-eb5dd10 elementor-widget elementor-widget-spacer\" data-id=\"eb5dd10\" data-element_type=\"widget\" data-widget_type=\"spacer.default\">\n\t\t\t\t<div class=\"elementor-widget-container\">\n\t\t\t\t\t<div class=\"elementor-spacer\">\n\t\t\t<div class=\"elementor-spacer-inner\"><\/div>\n\t\t<\/div>\n\t\t\t\t<\/div>\n\t\t\t\t<\/div>\n\t\t\t\t\t<\/div>\n\t\t<\/div>\n\t\t\t\t\t<\/div>\n\t\t<\/section>\n\t\t\t\t<\/div>\n\t\t","protected":false},"excerpt":{"rendered":"<p>Formularz zapytania Daj nam zna\u0107 o swoich potrzebach! Kr\u00f3tko odpowiedz na te pytania, aby po\u0142\u0105czy\u0107 si\u0119 z wykwalifikowanym agentem, kt\u00f3ry mo\u017ce pom\u00f3c w zakupie, sprzeda\u017cy, wynajmie lub ocenie nieruchomo\u015bci. Typ transakcji WybierzPurchase Rent Sell Legal Paper Work Others Informacje Jestem Chc\u0119 kupi\u0107 nieruchomo\u015b\u0107Jestem w\u0142a\u015bcicielem nieruchomo\u015bciJestem agentemInne Lokalizacja Wybierz miasto 1) Phnom Penh 2) Siem Reap [&hellip;]<\/p>\n","protected":false},"author":1,"featured_media":0,"parent":0,"menu_order":0,"comment_status":"closed","ping_status":"closed","template":"template\/template-homepage.php","meta":{"_monsterinsights_skip_tracking":false,"_monsterinsights_sitenote_active":false,"_monsterinsights_sitenote_note":"","_monsterinsights_sitenote_category":0,"footnotes":""},"class_list":["post-19080","page","type-page","status-publish","hentry"],"aioseo_notices":[],"_links":{"self":[{"href":"https:\/\/goodvalueproperty.com\/pl\/wp-json\/wp\/v2\/pages\/19080","targetHints":{"allow":["GET"]}}],"collection":[{"href":"https:\/\/goodvalueproperty.com\/pl\/wp-json\/wp\/v2\/pages"}],"about":[{"href":"https:\/\/goodvalueproperty.com\/pl\/wp-json\/wp\/v2\/types\/page"}],"author":[{"embeddable":true,"href":"https:\/\/goodvalueproperty.com\/pl\/wp-json\/wp\/v2\/users\/1"}],"replies":[{"embeddable":true,"href":"https:\/\/goodvalueproperty.com\/pl\/wp-json\/wp\/v2\/comments?post=19080"}],"version-history":[{"count":7,"href":"https:\/\/goodvalueproperty.com\/pl\/wp-json\/wp\/v2\/pages\/19080\/revisions"}],"predecessor-version":[{"id":19457,"href":"https:\/\/goodvalueproperty.com\/pl\/wp-json\/wp\/v2\/pages\/19080\/revisions\/19457"}],"wp:attachment":[{"href":"https:\/\/goodvalueproperty.com\/pl\/wp-json\/wp\/v2\/media?parent=19080"}],"curies":[{"name":"wp","href":"https:\/\/api.w.org\/{rel}","templated":true}]}}